{"id":3231,"date":"2023-05-21T19:12:37","date_gmt":"2023-05-21T16:12:37","guid":{"rendered":"https:\/\/neoplaza.ee\/?page_id=3231"},"modified":"2026-02-23T23:38:54","modified_gmt":"2026-02-23T21:38:54","slug":"broneeri","status":"publish","type":"page","link":"https:\/\/neoplaza.ee\/ru\/broneeri\/","title":{"rendered":"\u0417\u0430\u0431\u0440\u043e\u043d\u0438\u0440\u0443\u0439 \u0432\u0440\u0435\u043c\u044f"},"content":{"rendered":"<h2 class=\"elementor-heading-title elementor-size-default\" style=\"text-align: center;\"><span style=\"color: #00bfe3;\">\u0411\u0440\u043e\u043d\u0438\u0440\u043e\u0432\u0430\u043d\u0438\u0435 \u0432\u0440\u0435\u043c\u0435\u043d\u0438<\/span><\/h2>\n<p>&nbsp;<\/p>\n<p style=\"text-align: center;\">\u041e\u0442\u043c\u0435\u043d\u0430 \u0438\u043b\u0438 \u0438\u0437\u043c\u0435\u043d\u0435\u043d\u0438\u0435 \u0431\u0440\u043e\u043d\u0438\u0440\u043e\u0432\u0430\u043d\u0438\u044f \u0432\u043e\u0437\u043c\u043e\u0436\u043d\u044b \u043d\u0435 \u043f\u043e\u0437\u0434\u043d\u0435\u0435, \u0447\u0435\u043c \u0437\u0430 24 \u0447\u0430\u0441\u0430 \u0434\u043e \u043d\u0430\u0447\u0430\u043b\u0430 \u043f\u0440\u043e\u0446\u0435\u0434\u0443\u0440\u044b.<\/p>\n<p style=\"text-align: center;\">\u0422\u0435\u043f\u0435\u0440\u044c \u043c\u044b \u043f\u0443\u0431\u043b\u0438\u043a\u0443\u0435\u043c \u0432\u0430\u0436\u043d\u0443\u044e \u0438\u043d\u0444\u043e\u0440\u043c\u0430\u0446\u0438\u044e \u0442\u043e\u043b\u044c\u043a\u043e \u0432 \u043d\u0430\u0448\u0438\u0445 \u0441\u043e\u0446\u0441\u0435\u0442\u044f\u0445. \u0422\u0430\u043a\u0436\u0435 \u0432 \u0441\u043e\u0446\u0441\u0435\u0442\u044f\u0445 \u043f\u0443\u0431\u043b\u0438\u043a\u0443\u0435\u043c \u043e\u0441\u0432\u043e\u0431\u043e\u0434\u0438\u0432\u0448\u0438\u0435\u0441\u044f \u043e\u043a\u043e\u0448\u043a\u0438 \u043d\u0430 \u0441\u0435\u0433\u043e\u0434\u043d\u044f\u0448\u043d\u0438\u0439 \u0438 \u0437\u0430\u0432\u0442\u0440\u0430\u0448\u043d\u0438\u0439 \u0434\u043d\u0438.<br \/>\n<a href=\"https:\/\/www.facebook.com\/rus.neoplaza.electro\">Facebook \u2013 https:\/\/www.facebook.com\/rus.neoplaza.electro<\/a><br \/>\n<a href=\"https:\/\/www.instagram.com\/rus.neoplaza.electro\/\">Instagram \u2013 https:\/\/www.instagram.com\/rus.neoplaza.electro\/<\/a><\/p>\n<p>&nbsp;<\/p>\n<p>&nbsp;<\/p>\n<p style=\"text-align: center;\"><iframe id=\"ms_booking_iframe\" src=\"https:\/\/w807223.alteg.io\/\" width=\"600px\" height=\"720px\" frameborder=\"0\" scrolling=\"yes\"><\/iframe><\/p>\n<p>&nbsp;<\/p>\n<table class=\"aligncenter\" style=\"width: 100%; border-collapse: collapse;\">\n<tbody>\n<tr>\n<td style=\"width: 33.3807%; vertical-align: middle;\"><img decoding=\"async\" class=\"wp-image-3412 aligncenter\" src=\"https:\/\/neoplaza.ee\/wp-content\/uploads\/2023\/08\/profiil.jpg\" alt=\"\" width=\"148\" height=\"148\" srcset=\"https:\/\/neoplaza.ee\/wp-content\/uploads\/2023\/08\/profiil.jpg 276w, https:\/\/neoplaza.ee\/wp-content\/uploads\/2023\/08\/profiil-150x150.jpg 150w, https:\/\/neoplaza.ee\/wp-content\/uploads\/2023\/08\/profiil-12x12.jpg 12w\" sizes=\"(max-width: 148px) 100vw, 148px\" \/><\/td>\n<td style=\"width: 66.6193%; text-align: center; vertical-align: middle;\"><span style=\"text-align: center;\">\u0412 \u0441\u0432\u043e\u0451\u043c \u043f\u0440\u043e\u0444\u0438\u043b\u0435 \u043c\u043e\u0436\u0435\u0442\u0435 \u043f\u043e\u0441\u043c\u043e\u0442\u0440\u0435\u0442\u044c \u0443\u0436\u0435 \u0438\u043c\u0435\u044e\u0449\u0438\u0435\u0441\u044f \u0431\u0440\u043e\u043d\u0438\u0440\u043e\u0432\u0430\u043d\u0438\u044f, \u0438 \u043f\u0440\u0438 \u043d\u0435\u043e\u0431\u0445\u043e\u0434\u0438\u043c\u043e\u0441\u0442\u0438 \u0438\u0445 \u0438\u0437\u043c\u0435\u043d\u0438\u0442\u044c \u0438\u043b\u0438 \u043f\u0435\u0440\u0435\u043d\u0435\u0441\u0442\u0438. \u0427\u0442\u043e\u0431\u044b \u043e\u0442\u043a\u0440\u044b\u0442\u044c \u0441\u0432\u043e\u0439 \u043f\u0440\u043e\u0444\u0438\u043b\u044c, \u043d\u0430\u0436\u043c\u0438\u0442\u0435 \u043d\u0430 \u0438\u043a\u043e\u043d\u043a\u0443 \u0432 \u043f\u0440\u0430\u0432\u043e\u043c \u0432\u0435\u0440\u0445\u043d\u0435\u043c \u0443\u0433\u043b\u0443 \u043e\u043a\u043d\u0430 \u0431\u0440\u043e\u043d\u0438\u0440\u043e\u0432\u0430\u043d\u0438\u044f.<\/span><\/td>\n<\/tr>\n<\/tbody>\n<\/table>\n<p>&nbsp;<\/p>\n<p>&nbsp;<\/p>\n<p><strong>\u0420\u0430\u0441\u0447\u0451\u0442 \u0440\u0430\u0431\u043e\u0447\u0435\u0433\u043e \u0432\u0440\u0435\u043c\u0435\u043d\u0438:<\/strong><\/p>\n<p>\u0420\u0430\u0431\u043e\u0447\u0435\u0435 \u0432\u0440\u0435\u043c\u044f \u043d\u0430\u0447\u0438\u043d\u0430\u0435\u0442\u0441\u044f \u0442\u043e\u0433\u0434\u0430, \u043a\u043e\u0433\u0434\u0430 \u043a\u043b\u0438\u0435\u043d\u0442 \u043b\u043e\u0436\u0438\u0442\u0441\u044f \u043d\u0430 \u043a\u0443\u0448\u0435\u0442\u043a\u0443 \u0438 \u0437\u0430\u043a\u0430\u043d\u0447\u0438\u0432\u0430\u0435\u0442\u0441\u044f \u0442\u043e\u0433\u0434\u0430, \u043a\u043e\u0433\u0434\u0430 \u043a\u043b\u0438\u0435\u043d\u0442 \u0432\u0441\u0442\u0430\u0451\u0442 \u0441 \u043a\u0443\u0448\u0435\u0442\u043a\u0438. \u0412 \u0440\u0430\u0431\u043e\u0447\u0435\u0435 \u0432\u0440\u0435\u043c\u044f \u0432\u0445\u043e\u0434\u0438\u0442 \u044d\u043b\u0435\u043a\u0442\u0440\u043e\u044d\u043f\u0438\u043b\u044f\u0446\u0438\u044f, \u043f\u043e\u0434\u0433\u043e\u0442\u043e\u0432\u043a\u0430 \u043a\u043e\u0436\u0438 \u043a \u043f\u0440\u043e\u0446\u0435\u0434\u0443\u0440\u0435 (\u043e\u043a\u0440\u0430\u0448\u0438\u0432\u0430\u043d\u0438\u0435 \u0441\u0432\u0435\u0442\u043b\u043e\u0433\u043e \u043f\u0443\u0448\u043a\u0430 \u0438 \u0441\u043d\u044f\u0442\u0438\u0435 \u043a\u0440\u0430\u0441\u043a\u0438, \u0443\u0432\u043b\u0430\u0436\u043d\u0435\u043d\u0438\u0435 \u043a\u043e\u0436\u0438, \u0443\u0434\u0430\u043b\u0435\u043d\u0438\u0435 \u043c\u0430\u043a\u0438\u044f\u0436\u0430 \u0438 \u043e\u0447\u0438\u0449\u0435\u043d\u0438\u0435 \u043a\u043e\u0436\u0438) \u0438 \u0443\u0445\u043e\u0434 \u0437\u0430 \u043a\u043e\u0436\u0435\u0439 \u043f\u043e\u0441\u043b\u0435 \u043f\u0440\u043e\u0446\u0435\u0434\u0443\u0440\u044b. \u0414\u043b\u044f \u044d\u0444\u0444\u0435\u043a\u0442\u0438\u0432\u043d\u043e\u0433\u043e \u0438\u0441\u043f\u043e\u043b\u044c\u0437\u043e\u0432\u0430\u043d\u0438\u044f \u0440\u0430\u0431\u043e\u0447\u0435\u0433\u043e \u0432\u0440\u0435\u043c\u0435\u043d\u0438 \u043f\u0440\u043e\u0441\u0438\u043c \u043f\u043e\u0434\u0433\u043e\u0442\u043e\u0432\u0438\u0442\u044c\u0441\u044f \u043a \u043f\u0440\u043e\u0446\u0435\u0434\u0443\u0440\u0435.<\/p>","protected":false},"excerpt":{"rendered":"<p>Aja broneerimine &nbsp; Broneeringu t\u00fchistamine v\u00f5i muutmine on v\u00f5imalik mitte hiljem kui 24 tundi enne protseduuri algust. N\u00fc\u00fcd avaldame olulist infot ainult meie sotsiaalmeedias. Samuti&hellip;<\/p>","protected":false},"author":4,"featured_media":0,"parent":0,"menu_order":0,"comment_status":"closed","ping_status":"closed","template":"","meta":{"footnotes":""},"class_list":["post-3231","page","type-page","status-publish","hentry"],"yoast_head":"<!-- This site is optimized with the Yoast SEO Premium plugin v21.4 (Yoast SEO v24.9) - https:\/\/yoast.com\/wordpress\/plugins\/seo\/ -->\n<title>Broneeri aeg - NeoPlaza<\/title>\n<meta name=\"description\" content=\"Broneeri aeg elektriepilatsioonile kiirelt ja mugavalt online s\u00fcsteemis.\" \/>\n<meta name=\"robots\" content=\"index, follow, max-snippet:-1, max-image-preview:large, max-video-preview:-1\" \/>\n<link rel=\"canonical\" href=\"https:\/\/neoplaza.ee\/ru\/broneeri\/\" \/>\n<meta property=\"og:locale\" content=\"ru_RU\" \/>\n<meta property=\"og:type\" content=\"article\" \/>\n<meta property=\"og:title\" content=\"Broneeri aeg\" \/>\n<meta property=\"og:description\" content=\"Broneeri aeg elektriepilatsioonile kiirelt ja mugavalt online s\u00fcsteemis.\" \/>\n<meta property=\"og:url\" content=\"https:\/\/neoplaza.ee\/ru\/broneeri\/\" \/>\n<meta property=\"og:site_name\" content=\"NeoPlaza\" \/>\n<meta property=\"article:modified_time\" content=\"2026-02-23T21:38:54+00:00\" \/>\n<meta property=\"og:image\" content=\"https:\/\/neoplaza.ee\/wp-content\/uploads\/2023\/08\/profiil.jpg\" \/>\n\t<meta property=\"og:image:width\" content=\"276\" \/>\n\t<meta property=\"og:image:height\" content=\"276\" \/>\n\t<meta property=\"og:image:type\" content=\"image\/jpeg\" \/>\n<meta name=\"twitter:card\" content=\"summary_large_image\" \/>\n<meta name=\"twitter:label1\" content=\"\u041f\u0440\u0438\u043c\u0435\u0440\u043d\u043e\u0435 \u0432\u0440\u0435\u043c\u044f \u0434\u043b\u044f \u0447\u0442\u0435\u043d\u0438\u044f\" \/>\n\t<meta name=\"twitter:data1\" content=\"1 \u043c\u0438\u043d\u0443\u0442\u0430\" \/>\n<script type=\"application\/ld+json\" class=\"yoast-schema-graph\">{\"@context\":\"https:\/\/schema.org\",\"@graph\":[{\"@type\":\"WebPage\",\"@id\":\"https:\/\/neoplaza.ee\/broneeri\/\",\"url\":\"https:\/\/neoplaza.ee\/broneeri\/\",\"name\":\"Broneeri aeg - NeoPlaza\",\"isPartOf\":{\"@id\":\"https:\/\/neoplaza.ee\/#website\"},\"primaryImageOfPage\":{\"@id\":\"https:\/\/neoplaza.ee\/broneeri\/#primaryimage\"},\"image\":{\"@id\":\"https:\/\/neoplaza.ee\/broneeri\/#primaryimage\"},\"thumbnailUrl\":\"https:\/\/neoplaza.ee\/wp-content\/uploads\/2023\/08\/profiil.jpg\",\"datePublished\":\"2023-05-21T16:12:37+00:00\",\"dateModified\":\"2026-02-23T21:38:54+00:00\",\"description\":\"Broneeri aeg elektriepilatsioonile kiirelt ja mugavalt online s\u00fcsteemis.\",\"breadcrumb\":{\"@id\":\"https:\/\/neoplaza.ee\/broneeri\/#breadcrumb\"},\"inLanguage\":\"ru-RU\",\"potentialAction\":[{\"@type\":\"ReadAction\",\"target\":[\"https:\/\/neoplaza.ee\/broneeri\/\"]}]},{\"@type\":\"ImageObject\",\"inLanguage\":\"ru-RU\",\"@id\":\"https:\/\/neoplaza.ee\/broneeri\/#primaryimage\",\"url\":\"https:\/\/neoplaza.ee\/wp-content\/uploads\/2023\/08\/profiil.jpg\",\"contentUrl\":\"https:\/\/neoplaza.ee\/wp-content\/uploads\/2023\/08\/profiil.jpg\"},{\"@type\":\"BreadcrumbList\",\"@id\":\"https:\/\/neoplaza.ee\/broneeri\/#breadcrumb\",\"itemListElement\":[{\"@type\":\"ListItem\",\"position\":1,\"name\":\"Home\",\"item\":\"https:\/\/neoplaza.ee\/\"},{\"@type\":\"ListItem\",\"position\":2,\"name\":\"Broneeri aeg\"}]},{\"@type\":\"WebSite\",\"@id\":\"https:\/\/neoplaza.ee\/#website\",\"url\":\"https:\/\/neoplaza.ee\/\",\"name\":\"NeoPlaza\",\"description\":\"NeoPlaza | elektriepilatsiooni keskus\",\"publisher\":{\"@id\":\"https:\/\/neoplaza.ee\/#organization\"},\"inLanguage\":\"ru-RU\"},{\"@type\":\"Organization\",\"@id\":\"https:\/\/neoplaza.ee\/#organization\",\"name\":\"NeoPlaza\",\"url\":\"https:\/\/neoplaza.ee\/\",\"logo\":{\"@type\":\"ImageObject\",\"inLanguage\":\"ru-RU\",\"@id\":\"https:\/\/neoplaza.ee\/#\/schema\/logo\/image\/\",\"url\":\"https:\/\/neoplaza.ee\/wp-content\/uploads\/2023\/06\/cropped-20230626_143254_0000.png\",\"contentUrl\":\"https:\/\/neoplaza.ee\/wp-content\/uploads\/2023\/06\/cropped-20230626_143254_0000.png\",\"width\":500,\"height\":206,\"caption\":\"NeoPlaza\"},\"image\":{\"@id\":\"https:\/\/neoplaza.ee\/#\/schema\/logo\/image\/\"}}]}<\/script>\n<!-- \/ Yoast SEO Premium plugin. -->","yoast_head_json":{"title":"Broneeri aeg - NeoPlaza","description":"Broneeri aeg elektriepilatsioonile kiirelt ja mugavalt online s\u00fcsteemis.","robots":{"index":"index","follow":"follow","max-snippet":"max-snippet:-1","max-image-preview":"max-image-preview:large","max-video-preview":"max-video-preview:-1"},"canonical":"https:\/\/neoplaza.ee\/ru\/broneeri\/","og_locale":"ru_RU","og_type":"article","og_title":"Broneeri aeg","og_description":"Broneeri aeg elektriepilatsioonile kiirelt ja mugavalt online s\u00fcsteemis.","og_url":"https:\/\/neoplaza.ee\/ru\/broneeri\/","og_site_name":"NeoPlaza","article_modified_time":"2026-02-23T21:38:54+00:00","og_image":[{"width":276,"height":276,"url":"https:\/\/neoplaza.ee\/wp-content\/uploads\/2023\/08\/profiil.jpg","type":"image\/jpeg"}],"twitter_card":"summary_large_image","twitter_misc":{"\u041f\u0440\u0438\u043c\u0435\u0440\u043d\u043e\u0435 \u0432\u0440\u0435\u043c\u044f \u0434\u043b\u044f \u0447\u0442\u0435\u043d\u0438\u044f":"1 \u043c\u0438\u043d\u0443\u0442\u0430"},"schema":{"@context":"https:\/\/schema.org","@graph":[{"@type":"WebPage","@id":"https:\/\/neoplaza.ee\/broneeri\/","url":"https:\/\/neoplaza.ee\/broneeri\/","name":"Broneeri aeg - NeoPlaza","isPartOf":{"@id":"https:\/\/neoplaza.ee\/#website"},"primaryImageOfPage":{"@id":"https:\/\/neoplaza.ee\/broneeri\/#primaryimage"},"image":{"@id":"https:\/\/neoplaza.ee\/broneeri\/#primaryimage"},"thumbnailUrl":"https:\/\/neoplaza.ee\/wp-content\/uploads\/2023\/08\/profiil.jpg","datePublished":"2023-05-21T16:12:37+00:00","dateModified":"2026-02-23T21:38:54+00:00","description":"Broneeri aeg elektriepilatsioonile kiirelt ja mugavalt online s\u00fcsteemis.","breadcrumb":{"@id":"https:\/\/neoplaza.ee\/broneeri\/#breadcrumb"},"inLanguage":"ru-RU","potentialAction":[{"@type":"ReadAction","target":["https:\/\/neoplaza.ee\/broneeri\/"]}]},{"@type":"ImageObject","inLanguage":"ru-RU","@id":"https:\/\/neoplaza.ee\/broneeri\/#primaryimage","url":"https:\/\/neoplaza.ee\/wp-content\/uploads\/2023\/08\/profiil.jpg","contentUrl":"https:\/\/neoplaza.ee\/wp-content\/uploads\/2023\/08\/profiil.jpg"},{"@type":"BreadcrumbList","@id":"https:\/\/neoplaza.ee\/broneeri\/#breadcrumb","itemListElement":[{"@type":"ListItem","position":1,"name":"Home","item":"https:\/\/neoplaza.ee\/"},{"@type":"ListItem","position":2,"name":"Broneeri aeg"}]},{"@type":"WebSite","@id":"https:\/\/neoplaza.ee\/#website","url":"https:\/\/neoplaza.ee\/","name":"NeoPlaza","description":"NeoPlaza | elektriepilatsiooni keskus","publisher":{"@id":"https:\/\/neoplaza.ee\/#organization"},"inLanguage":"ru-RU"},{"@type":"Organization","@id":"https:\/\/neoplaza.ee\/#organization","name":"NeoPlaza","url":"https:\/\/neoplaza.ee\/","logo":{"@type":"ImageObject","inLanguage":"ru-RU","@id":"https:\/\/neoplaza.ee\/#\/schema\/logo\/image\/","url":"https:\/\/neoplaza.ee\/wp-content\/uploads\/2023\/06\/cropped-20230626_143254_0000.png","contentUrl":"https:\/\/neoplaza.ee\/wp-content\/uploads\/2023\/06\/cropped-20230626_143254_0000.png","width":500,"height":206,"caption":"NeoPlaza"},"image":{"@id":"https:\/\/neoplaza.ee\/#\/schema\/logo\/image\/"}}]}},"jetpack_sharing_enabled":true,"_links":{"self":[{"href":"https:\/\/neoplaza.ee\/ru\/wp-json\/wp\/v2\/pages\/3231","targetHints":{"allow":["GET"]}}],"collection":[{"href":"https:\/\/neoplaza.ee\/ru\/wp-json\/wp\/v2\/pages"}],"about":[{"href":"https:\/\/neoplaza.ee\/ru\/wp-json\/wp\/v2\/types\/page"}],"author":[{"embeddable":true,"href":"https:\/\/neoplaza.ee\/ru\/wp-json\/wp\/v2\/users\/4"}],"replies":[{"embeddable":true,"href":"https:\/\/neoplaza.ee\/ru\/wp-json\/wp\/v2\/comments?post=3231"}],"version-history":[{"count":47,"href":"https:\/\/neoplaza.ee\/ru\/wp-json\/wp\/v2\/pages\/3231\/revisions"}],"predecessor-version":[{"id":3689,"href":"https:\/\/neoplaza.ee\/ru\/wp-json\/wp\/v2\/pages\/3231\/revisions\/3689"}],"wp:attachment":[{"href":"https:\/\/neoplaza.ee\/ru\/wp-json\/wp\/v2\/media?parent=3231"}],"curies":[{"name":"wp","href":"https:\/\/api.w.org\/{rel}","templated":true}]}}