{"id":3629,"date":"2024-03-02T21:03:24","date_gmt":"2024-03-02T19:03:24","guid":{"rendered":"https:\/\/neoplaza.ee\/?page_id=3629"},"modified":"2024-04-02T22:43:19","modified_gmt":"2024-04-02T19:43:19","slug":"taastumine","status":"publish","type":"page","link":"https:\/\/neoplaza.ee\/ru\/taastumine\/","title":{"rendered":"\u0412\u043e\u0441\u0441\u0442\u0430\u043d\u043e\u0432\u043b\u0435\u043d\u0438\u0435 \u043a\u043e\u0436\u0438 \u043f\u043e\u0441\u043b\u0435 \u043f\u0440\u043e\u0446\u0435\u0434\u0443\u0440\u044b"},"content":{"rendered":"<div data-elementor-type=\"wp-page\" data-elementor-id=\"3629\" class=\"elementor elementor-3629\">\n\t\t\t\t\t\t<section class=\"elementor-section elementor-top-section elementor-element elementor-element-8c607f2 elementor-section-boxed elementor-section-height-default elementor-section-height-default\" data-id=\"8c607f2\" data-element_type=\"section\">\n\t\t\t\t\t\t<div class=\"elementor-container elementor-column-gap-default\">\n\t\t\t\t\t<div class=\"elementor-column elementor-col-100 elementor-top-column elementor-element elementor-element-1b15cb2\" data-id=\"1b15cb2\" data-element_type=\"column\">\n\t\t\t<div class=\"elementor-widget-wrap elementor-element-populated\">\n\t\t\t\t\t\t<div class=\"elementor-element elementor-element-6ea4772 elementor-widget elementor-widget-spacer\" data-id=\"6ea4772\" data-element_type=\"widget\" data-widget_type=\"spacer.default\">\n\t\t\t\t<div class=\"elementor-widget-container\">\n\t\t\t\t\t\t\t<div class=\"elementor-spacer\">\n\t\t\t<div class=\"elementor-spacer-inner\"><\/div>\n\t\t<\/div>\n\t\t\t\t\t\t<\/div>\n\t\t\t\t<\/div>\n\t\t\t\t\t<\/div>\n\t\t<\/div>\n\t\t\t\t\t<\/div>\n\t\t<\/section>\n\t\t\t\t<section class=\"elementor-section elementor-top-section elementor-element elementor-element-1a4f0b49 elementor-section-boxed elementor-section-height-default elementor-section-height-default\" data-id=\"1a4f0b49\" data-element_type=\"section\">\n\t\t\t\t\t\t<div class=\"elementor-container elementor-column-gap-default\">\n\t\t\t\t\t<div class=\"elementor-column elementor-col-100 elementor-top-column elementor-element elementor-element-350624e9 p-0\" data-id=\"350624e9\" data-element_type=\"column\">\n\t\t\t<div class=\"elementor-widget-wrap elementor-element-populated\">\n\t\t\t\t\t\t<section class=\"elementor-section elementor-inner-section elementor-element elementor-element-42c08342 elementor-section-boxed elementor-section-height-default elementor-section-height-default elementor-invisible\" data-id=\"42c08342\" data-element_type=\"section\" data-settings=\"{&quot;animation&quot;:&quot;fadeInUp&quot;}\">\n\t\t\t\t\t\t<div class=\"elementor-container elementor-column-gap-default\">\n\t\t\t\t\t<div class=\"elementor-column elementor-col-33 elementor-inner-column elementor-element elementor-element-456b1cb8\" data-id=\"456b1cb8\" data-element_type=\"column\">\n\t\t\t<div class=\"elementor-widget-wrap\">\n\t\t\t\t\t\t\t<\/div>\n\t\t<\/div>\n\t\t\t\t<div class=\"elementor-column elementor-col-33 elementor-inner-column elementor-element elementor-element-722e451d\" data-id=\"722e451d\" data-element_type=\"column\">\n\t\t\t<div class=\"elementor-widget-wrap elementor-element-populated\">\n\t\t\t\t\t\t<div class=\"elementor-element elementor-element-25ab2966 elementor-widget elementor-widget-heading\" data-id=\"25ab2966\" data-element_type=\"widget\" data-widget_type=\"heading.default\">\n\t\t\t\t<div class=\"elementor-widget-container\">\n\t\t\t\t\t<h2 class=\"elementor-heading-title elementor-size-default\">\u0412\u043e\u0441\u0441\u0442\u0430\u043d\u043e\u0432\u043b\u0435\u043d\u0438\u0435 \u043a\u043e\u0436\u0438 \u043f\u043e\u0441\u043b\u0435 \u043f\u0440\u043e\u0446\u0435\u0434\u0443\u0440\u044b<\/h2>\t\t\t\t<\/div>\n\t\t\t\t<\/div>\n\t\t\t\t<div class=\"elementor-element elementor-element-ed13d6f elementor-widget elementor-widget-text-editor\" data-id=\"ed13d6f\" data-element_type=\"widget\" data-widget_type=\"text-editor.default\">\n\t\t\t\t<div class=\"elementor-widget-container\">\n\t\t\t\t\t\t\t\t\t<p>\u041f\u0440\u043e\u0441\u0438\u043c \u0434\u0430\u0442\u044c \u043e\u0431\u0440\u0430\u0442\u043d\u0443\u044e \u0441\u0432\u044f\u0437\u044c \u043f\u043e \u043f\u043e\u043b\u0443\u0447\u0435\u043d\u043d\u043e\u0439 \u0443\u0441\u043b\u0443\u0433\u0435. \u0412\u0430\u0448\u0443 \u043e\u0431\u0440\u0430\u0442\u043d\u0443\u044e \u0441\u0432\u044f\u0437\u044c \u0430\u043d\u0430\u043b\u0438\u0437\u0438\u0440\u0443\u0435\u0442 \u0441\u0442\u0430\u0440\u0448\u0438\u0439 \u0441\u043f\u0435\u0446\u0438\u0430\u043b\u0438\u0441\u0442 \u0438 \u043f\u0440\u0438 \u043d\u0435\u043e\u0431\u0445\u043e\u0434\u0438\u043c\u043e\u0441\u0442\u0438 \u0441\u0432\u044f\u0436\u0435\u0442\u0441\u044f \u0441 \u0412\u0430\u043c\u0438. \u041c\u044b \u0441\u043e\u0441\u0440\u0435\u0434\u043e\u0442\u043e\u0447\u0435\u043d\u044b \u043d\u0430 \u043f\u0440\u0435\u0434\u043e\u0441\u0442\u0430\u0432\u043b\u0435\u043d\u0438\u0438 \u043b\u0443\u0447\u0448\u0435\u0433\u043e \u0441\u0435\u0440\u0432\u0438\u0441\u0430 \u0438 \u0440\u0435\u0437\u0443\u043b\u044c\u0442\u0430\u0442\u043e\u0432!<\/p>\t\t\t\t\t\t\t\t<\/div>\n\t\t\t\t<\/div>\n\t\t\t\t\t<\/div>\n\t\t<\/div>\n\t\t\t\t<div class=\"elementor-column elementor-col-33 elementor-inner-column elementor-element elementor-element-72012794\" data-id=\"72012794\" data-element_type=\"column\">\n\t\t\t<div class=\"elementor-widget-wrap\">\n\t\t\t\t\t\t\t<\/div>\n\t\t<\/div>\n\t\t\t\t\t<\/div>\n\t\t<\/section>\n\t\t\t\t<div class=\"elementor-element elementor-element-58a98b94 elementor-widget__width-auto elementor-absolute elementor-hidden-phone elementor-hidden-tablet elementor-widget elementor-widget-image\" data-id=\"58a98b94\" data-element_type=\"widget\" data-settings=\"{&quot;_position&quot;:&quot;absolute&quot;}\" data-widget_type=\"image.default\">\n\t\t\t\t<div class=\"elementor-widget-container\">\n\t\t\t\t\t\t\t\t\t\t\t\t\t\t\t<img decoding=\"async\" width=\"170\" height=\"180\" src=\"https:\/\/neoplaza.ee\/wp-content\/uploads\/2021\/02\/Group-1-copy.png\" class=\"attachment-large size-large wp-image-60\" alt=\"\" srcset=\"https:\/\/neoplaza.ee\/wp-content\/uploads\/2021\/02\/Group-1-copy.png 170w, https:\/\/neoplaza.ee\/wp-content\/uploads\/2021\/02\/Group-1-copy-11x12.png 11w\" sizes=\"(max-width: 170px) 100vw, 170px\" \/>\t\t\t\t\t\t\t\t\t\t\t\t\t\t\t<\/div>\n\t\t\t\t<\/div>\n\t\t\t\t<section class=\"elementor-section elementor-inner-section elementor-element elementor-element-5db4ebd6 elementor-section-boxed elementor-section-height-default elementor-section-height-default\" data-id=\"5db4ebd6\" data-element_type=\"section\">\n\t\t\t\t\t\t<div class=\"elementor-container elementor-column-gap-default\">\n\t\t\t\t\t<div class=\"elementor-column elementor-col-33 elementor-inner-column elementor-element elementor-element-1108a362\" data-id=\"1108a362\" data-element_type=\"column\">\n\t\t\t<div class=\"elementor-widget-wrap\">\n\t\t\t\t\t\t\t<\/div>\n\t\t<\/div>\n\t\t\t\t<div class=\"elementor-column elementor-col-33 elementor-inner-column elementor-element elementor-element-6e7dca1d\" data-id=\"6e7dca1d\" data-element_type=\"column\">\n\t\t\t<div class=\"elementor-widget-wrap elementor-element-populated\">\n\t\t\t\t\t\t<div class=\"elementor-element elementor-element-264e1670 eael-contact-form-7-button-align-center eael-contact-form-7-button-custom elementor-invisible elementor-widget elementor-widget-eael-contact-form-7\" data-id=\"264e1670\" data-element_type=\"widget\" data-settings=\"{&quot;_animation&quot;:&quot;fadeInUp&quot;}\" data-widget_type=\"eael-contact-form-7.default\">\n\t\t\t\t<div class=\"elementor-widget-container\">\n\t\t\t\t\t<div class=\"eael-contact-form-7-wrapper\">\n                <div class=\"eael-contact-form eael-contact-form-7 eael-contact-form-264e1670 placeholder-show eael-contact-form-align-default\">\n<div class=\"wpcf7 no-js\" id=\"wpcf7-f3620-o1\" lang=\"ru-RU\" dir=\"ltr\" data-wpcf7-id=\"3620\">\n<div class=\"screen-reader-response\"><p role=\"status\" aria-live=\"polite\" aria-atomic=\"true\"><\/p> <ul><\/ul><\/div>\n<form action=\"\/ru\/wp-json\/wp\/v2\/pages\/3629#wpcf7-f3620-o1\" method=\"post\" class=\"wpcf7-form init\" aria-label=\"\u041a\u043e\u043d\u0442\u0430\u043a\u0442\u043d\u0430\u044f \u0444\u043e\u0440\u043c\u0430\" enctype=\"multipart\/form-data\" novalidate=\"novalidate\" data-status=\"init\" data-trp-original-action=\"\/ru\/wp-json\/wp\/v2\/pages\/3629#wpcf7-f3620-o1\">\n<div style=\"display: none;\">\n<input type=\"hidden\" name=\"_wpcf7\" value=\"3620\" \/>\n<input type=\"hidden\" name=\"_wpcf7_version\" value=\"6.0.6\" \/>\n<input type=\"hidden\" name=\"_wpcf7_locale\" value=\"ru_RU\" \/>\n<input type=\"hidden\" name=\"_wpcf7_unit_tag\" value=\"wpcf7-f3620-o1\" \/>\n<input type=\"hidden\" name=\"_wpcf7_container_post\" value=\"0\" \/>\n<input type=\"hidden\" name=\"_wpcf7_posted_data_hash\" value=\"\" \/>\n<\/div>\n<p><label> \u0412\u0430\u0448 \u043d\u043e\u043c\u0435\u0440 \u0442\u0435\u043b\u0435\u0444\u043e\u043d\u0430, \u043d\u0430 \u043a\u043e\u0442\u043e\u0440\u044b\u0439 \u0431\u044b\u043b\u043e \u043e\u0444\u043e\u0440\u043c\u043b\u0435\u043d\u043e \u0431\u0440\u043e\u043d\u0438\u0440\u043e\u0432\u0430\u043d\u0438\u0435 (\u043e\u0431\u044f\u0437\u0430\u0442\u0435\u043b\u044c\u043d\u043e)<br \/>\n<span class=\"wpcf7-form-control-wrap\" data-name=\"tel-959\"><input size=\"40\" maxlength=\"400\" class=\"wpcf7-form-control wpcf7-tel wpcf7-validates-as-required wpcf7-text wpcf7-validates-as-tel\" autocomplete=\"telefon\" aria-required=\"true\" aria-invalid=\"false\" value=\"\" type=\"tel\" name=\"tel-959\" \/><\/span> <\/label>\n<\/p>\n<p><label> \u041d\u0430\u0441\u043a\u043e\u043b\u044c\u043a\u043e \u0412\u044b \u0434\u043e\u0432\u043e\u043b\u044c\u043d\u044b \u043f\u043e\u043b\u0443\u0447\u0435\u043d\u043d\u043e\u0439 \u0443\u0441\u043b\u0443\u0433\u043e\u0439?<br \/>\n<span class=\"wpcf7-form-control-wrap\" data-name=\"radio-202\"><span class=\"wpcf7-form-control wpcf7-radio\"><span class=\"wpcf7-list-item first\"><label><input type=\"radio\" name=\"radio-202\" value=\"5 - v\u00e4ga rahul\" checked=\"checked\" \/><span class=\"wpcf7-list-item-label\">5 - \u043e\u0447\u0435\u043d\u044c \u0434\u043e\u0432\u043e\u043b\u0435\u043d<\/span><\/label><\/span><span class=\"wpcf7-list-item\"><label><input type=\"radio\" name=\"radio-202\" value=\"4 - hea\" \/><span class=\"wpcf7-list-item-label\">4 - \u0445\u043e\u0440\u043e\u0448\u043e<\/span><\/label><\/span><span class=\"wpcf7-list-item\"><label><input type=\"radio\" name=\"radio-202\" value=\"3 - ei oska \u00f6elda\" \/><span class=\"wpcf7-list-item-label\">3 - \u043d\u0435 \u043c\u043e\u0433\u0443 \u0441\u043a\u0430\u0437\u0430\u0442\u044c<\/span><\/label><\/span><span class=\"wpcf7-list-item\"><label><input type=\"radio\" name=\"radio-202\" value=\"2 - ebapiisav\" \/><span class=\"wpcf7-list-item-label\">2 - \u043d\u0435\u0434\u043e\u0441\u0442\u0430\u0442\u043e\u0447\u043d\u043e<\/span><\/label><\/span><span class=\"wpcf7-list-item last\"><label><input type=\"radio\" name=\"radio-202\" value=\"1 - halb\" \/><span class=\"wpcf7-list-item-label\">1 - \u043f\u043b\u043e\u0445\u043e<\/span><\/label><\/span><\/span><\/span> <\/label>\n<\/p>\n<p><label> \u041a\u043e\u043c\u043c\u0435\u043d\u0442\u0430\u0440\u0438\u0439<br \/>\n<span class=\"wpcf7-form-control-wrap\" data-name=\"textarea-479\"><textarea cols=\"40\" rows=\"10\" maxlength=\"2000\" class=\"wpcf7-form-control wpcf7-textarea\" aria-invalid=\"false\" name=\"textarea-479\"><\/textarea><\/span> <\/label>\n<\/p>\n<p><label> \u041f\u0440\u043e\u0441\u0438\u043c \u043f\u0440\u0438\u0441\u043b\u0430\u0442\u044c \u0444\u043e\u0442\u043e\u0433\u0440\u0430\u0444\u0438\u044e, \u043a\u0430\u043a \u0432\u044b\u0433\u043b\u044f\u0434\u0438\u0442 \u043a\u043e\u0436\u0430 \u043d\u0430 3-4 \u0434\u0435\u043d\u044c \u043f\u043e\u0441\u043b\u0435 \u044d\u043b\u0435\u043a\u0442\u0440\u043e\u044d\u043f\u0438\u043b\u044f\u0446\u0438\u0438.<br \/>\n<span class=\"wpcf7-form-control-wrap\" data-name=\"file-851\"><input size=\"40\" class=\"wpcf7-form-control wpcf7-file\" accept=\".svg,.pdf,.eps,.ai,.cdr,.png,.jpeg,.jpg,.gif,.raw,.tiff,.bmp,.psd,.webp,.heif,.avif\" aria-invalid=\"false\" type=\"file\" name=\"file-851\" \/><\/span> <\/label>\n<\/p>\n<p><input class=\"wpcf7-form-control wpcf7-submit has-spinner\" type=\"submit\" value=\"\u041e\u0442\u043f\u0440\u0430\u0432\u0438\u0442\u044c\" \/>\n<\/p><div class=\"wpcf7-response-output\" aria-hidden=\"true\"><\/div>\n<input type=\"hidden\" name=\"trp-form-language\" value=\"ru\"\/><\/form>\n<\/div>\n<\/div>\n            <\/div>\t\t\t\t<\/div>\n\t\t\t\t<\/div>\n\t\t\t\t\t<\/div>\n\t\t<\/div>\n\t\t\t\t<div class=\"elementor-column elementor-col-33 elementor-inner-column elementor-element elementor-element-19f7e78b\" data-id=\"19f7e78b\" data-element_type=\"column\">\n\t\t\t<div class=\"elementor-widget-wrap\">\n\t\t\t\t\t\t\t<\/div>\n\t\t<\/div>\n\t\t\t\t\t<\/div>\n\t\t<\/section>\n\t\t\t\t\t<\/div>\n\t\t<\/div>\n\t\t\t\t\t<\/div>\n\t\t<\/section>\n\t\t\t\t<\/div>","protected":false},"excerpt":{"rendered":"<p>Naha taastumine peale protseduuri Palume anda tagasiside saadud teenuse kohta. Teie tagasiside anal\u00fc\u00fcsib NeoPlaza vanemspetsialist ja vajadusel v\u00f5tab Teiega \u00fchendust. Oleme keskendunud parimale teenindusele ja&hellip;<\/p>","protected":false},"author":43,"featured_media":0,"parent":0,"menu_order":0,"comment_status":"closed","ping_status":"closed","template":"","meta":{"footnotes":""},"class_list":["post-3629","page","type-page","status-publish","hentry"],"yoast_head":"<!-- This site is optimized with the Yoast SEO Premium plugin v21.4 (Yoast SEO v24.9) - https:\/\/yoast.com\/wordpress\/plugins\/seo\/ -->\n<title>NeoPlaza asukoht, juhend tasuta parkimiseks ja kontaktandmed<\/title>\n<meta name=\"description\" content=\"K\u00fcsimuste korral v\u00f5ta meiega julgelt \u00fchendust!\" \/>\n<meta name=\"robots\" content=\"index, follow, max-snippet:-1, max-image-preview:large, max-video-preview:-1\" \/>\n<link rel=\"canonical\" href=\"https:\/\/neoplaza.ee\/ru\/taastumine\/\" \/>\n<meta property=\"og:locale\" content=\"ru_RU\" \/>\n<meta property=\"og:type\" content=\"article\" \/>\n<meta property=\"og:title\" content=\"Naha taastumine peale protseduuri\" \/>\n<meta property=\"og:description\" content=\"K\u00fcsimuste korral v\u00f5ta meiega julgelt \u00fchendust!\" \/>\n<meta property=\"og:url\" content=\"https:\/\/neoplaza.ee\/ru\/taastumine\/\" \/>\n<meta property=\"og:site_name\" content=\"NeoPlaza\" \/>\n<meta property=\"article:modified_time\" content=\"2024-04-02T19:43:19+00:00\" \/>\n<meta property=\"og:image\" content=\"https:\/\/neoplaza.ee\/wp-content\/uploads\/2021\/02\/Group-1-copy.png\" \/>\n<meta name=\"twitter:card\" content=\"summary_large_image\" \/>\n<meta name=\"twitter:label1\" content=\"\u041f\u0440\u0438\u043c\u0435\u0440\u043d\u043e\u0435 \u0432\u0440\u0435\u043c\u044f \u0434\u043b\u044f \u0447\u0442\u0435\u043d\u0438\u044f\" \/>\n\t<meta name=\"twitter:data1\" content=\"1 \u043c\u0438\u043d\u0443\u0442\u0430\" \/>\n<script type=\"application\/ld+json\" class=\"yoast-schema-graph\">{\"@context\":\"https:\/\/schema.org\",\"@graph\":[{\"@type\":\"WebPage\",\"@id\":\"https:\/\/neoplaza.ee\/taastumine\/\",\"url\":\"https:\/\/neoplaza.ee\/taastumine\/\",\"name\":\"NeoPlaza asukoht, juhend tasuta parkimiseks ja kontaktandmed\",\"isPartOf\":{\"@id\":\"https:\/\/neoplaza.ee\/#website\"},\"primaryImageOfPage\":{\"@id\":\"https:\/\/neoplaza.ee\/taastumine\/#primaryimage\"},\"image\":{\"@id\":\"https:\/\/neoplaza.ee\/taastumine\/#primaryimage\"},\"thumbnailUrl\":\"https:\/\/neoplaza.ee\/wp-content\/uploads\/2021\/02\/Group-1-copy.png\",\"datePublished\":\"2024-03-02T19:03:24+00:00\",\"dateModified\":\"2024-04-02T19:43:19+00:00\",\"description\":\"K\u00fcsimuste korral v\u00f5ta meiega julgelt \u00fchendust!\",\"breadcrumb\":{\"@id\":\"https:\/\/neoplaza.ee\/taastumine\/#breadcrumb\"},\"inLanguage\":\"ru-RU\",\"potentialAction\":[{\"@type\":\"ReadAction\",\"target\":[\"https:\/\/neoplaza.ee\/taastumine\/\"]}]},{\"@type\":\"ImageObject\",\"inLanguage\":\"ru-RU\",\"@id\":\"https:\/\/neoplaza.ee\/taastumine\/#primaryimage\",\"url\":\"https:\/\/neoplaza.ee\/wp-content\/uploads\/2021\/02\/Group-1-copy.png\",\"contentUrl\":\"https:\/\/neoplaza.ee\/wp-content\/uploads\/2021\/02\/Group-1-copy.png\"},{\"@type\":\"BreadcrumbList\",\"@id\":\"https:\/\/neoplaza.ee\/taastumine\/#breadcrumb\",\"itemListElement\":[{\"@type\":\"ListItem\",\"position\":1,\"name\":\"Home\",\"item\":\"https:\/\/neoplaza.ee\/\"},{\"@type\":\"ListItem\",\"position\":2,\"name\":\"Naha taastumine peale protseduuri\"}]},{\"@type\":\"WebSite\",\"@id\":\"https:\/\/neoplaza.ee\/#website\",\"url\":\"https:\/\/neoplaza.ee\/\",\"name\":\"NeoPlaza\",\"description\":\"NeoPlaza | elektriepilatsiooni keskus\",\"publisher\":{\"@id\":\"https:\/\/neoplaza.ee\/#organization\"},\"inLanguage\":\"ru-RU\"},{\"@type\":\"Organization\",\"@id\":\"https:\/\/neoplaza.ee\/#organization\",\"name\":\"NeoPlaza\",\"url\":\"https:\/\/neoplaza.ee\/\",\"logo\":{\"@type\":\"ImageObject\",\"inLanguage\":\"ru-RU\",\"@id\":\"https:\/\/neoplaza.ee\/#\/schema\/logo\/image\/\",\"url\":\"https:\/\/neoplaza.ee\/wp-content\/uploads\/2023\/06\/cropped-20230626_143254_0000.png\",\"contentUrl\":\"https:\/\/neoplaza.ee\/wp-content\/uploads\/2023\/06\/cropped-20230626_143254_0000.png\",\"width\":500,\"height\":206,\"caption\":\"NeoPlaza\"},\"image\":{\"@id\":\"https:\/\/neoplaza.ee\/#\/schema\/logo\/image\/\"}}]}<\/script>\n<!-- \/ Yoast SEO Premium plugin. -->","yoast_head_json":{"title":"NeoPlaza asukoht, juhend tasuta parkimiseks ja kontaktandmed","description":"K\u00fcsimuste korral v\u00f5ta meiega julgelt \u00fchendust!","robots":{"index":"index","follow":"follow","max-snippet":"max-snippet:-1","max-image-preview":"max-image-preview:large","max-video-preview":"max-video-preview:-1"},"canonical":"https:\/\/neoplaza.ee\/ru\/taastumine\/","og_locale":"ru_RU","og_type":"article","og_title":"Naha taastumine peale protseduuri","og_description":"K\u00fcsimuste korral v\u00f5ta meiega julgelt \u00fchendust!","og_url":"https:\/\/neoplaza.ee\/ru\/taastumine\/","og_site_name":"NeoPlaza","article_modified_time":"2024-04-02T19:43:19+00:00","og_image":[{"url":"https:\/\/neoplaza.ee\/wp-content\/uploads\/2021\/02\/Group-1-copy.png","type":"","width":"","height":""}],"twitter_card":"summary_large_image","twitter_misc":{"\u041f\u0440\u0438\u043c\u0435\u0440\u043d\u043e\u0435 \u0432\u0440\u0435\u043c\u044f \u0434\u043b\u044f \u0447\u0442\u0435\u043d\u0438\u044f":"1 \u043c\u0438\u043d\u0443\u0442\u0430"},"schema":{"@context":"https:\/\/schema.org","@graph":[{"@type":"WebPage","@id":"https:\/\/neoplaza.ee\/taastumine\/","url":"https:\/\/neoplaza.ee\/taastumine\/","name":"NeoPlaza asukoht, juhend tasuta parkimiseks ja kontaktandmed","isPartOf":{"@id":"https:\/\/neoplaza.ee\/#website"},"primaryImageOfPage":{"@id":"https:\/\/neoplaza.ee\/taastumine\/#primaryimage"},"image":{"@id":"https:\/\/neoplaza.ee\/taastumine\/#primaryimage"},"thumbnailUrl":"https:\/\/neoplaza.ee\/wp-content\/uploads\/2021\/02\/Group-1-copy.png","datePublished":"2024-03-02T19:03:24+00:00","dateModified":"2024-04-02T19:43:19+00:00","description":"K\u00fcsimuste korral v\u00f5ta meiega julgelt \u00fchendust!","breadcrumb":{"@id":"https:\/\/neoplaza.ee\/taastumine\/#breadcrumb"},"inLanguage":"ru-RU","potentialAction":[{"@type":"ReadAction","target":["https:\/\/neoplaza.ee\/taastumine\/"]}]},{"@type":"ImageObject","inLanguage":"ru-RU","@id":"https:\/\/neoplaza.ee\/taastumine\/#primaryimage","url":"https:\/\/neoplaza.ee\/wp-content\/uploads\/2021\/02\/Group-1-copy.png","contentUrl":"https:\/\/neoplaza.ee\/wp-content\/uploads\/2021\/02\/Group-1-copy.png"},{"@type":"BreadcrumbList","@id":"https:\/\/neoplaza.ee\/taastumine\/#breadcrumb","itemListElement":[{"@type":"ListItem","position":1,"name":"Home","item":"https:\/\/neoplaza.ee\/"},{"@type":"ListItem","position":2,"name":"Naha taastumine peale protseduuri"}]},{"@type":"WebSite","@id":"https:\/\/neoplaza.ee\/#website","url":"https:\/\/neoplaza.ee\/","name":"NeoPlaza","description":"NeoPlaza | elektriepilatsiooni keskus","publisher":{"@id":"https:\/\/neoplaza.ee\/#organization"},"inLanguage":"ru-RU"},{"@type":"Organization","@id":"https:\/\/neoplaza.ee\/#organization","name":"NeoPlaza","url":"https:\/\/neoplaza.ee\/","logo":{"@type":"ImageObject","inLanguage":"ru-RU","@id":"https:\/\/neoplaza.ee\/#\/schema\/logo\/image\/","url":"https:\/\/neoplaza.ee\/wp-content\/uploads\/2023\/06\/cropped-20230626_143254_0000.png","contentUrl":"https:\/\/neoplaza.ee\/wp-content\/uploads\/2023\/06\/cropped-20230626_143254_0000.png","width":500,"height":206,"caption":"NeoPlaza"},"image":{"@id":"https:\/\/neoplaza.ee\/#\/schema\/logo\/image\/"}}]}},"jetpack_sharing_enabled":true,"_links":{"self":[{"href":"https:\/\/neoplaza.ee\/ru\/wp-json\/wp\/v2\/pages\/3629","targetHints":{"allow":["GET"]}}],"collection":[{"href":"https:\/\/neoplaza.ee\/ru\/wp-json\/wp\/v2\/pages"}],"about":[{"href":"https:\/\/neoplaza.ee\/ru\/wp-json\/wp\/v2\/types\/page"}],"author":[{"embeddable":true,"href":"https:\/\/neoplaza.ee\/ru\/wp-json\/wp\/v2\/users\/43"}],"replies":[{"embeddable":true,"href":"https:\/\/neoplaza.ee\/ru\/wp-json\/wp\/v2\/comments?post=3629"}],"version-history":[{"count":14,"href":"https:\/\/neoplaza.ee\/ru\/wp-json\/wp\/v2\/pages\/3629\/revisions"}],"predecessor-version":[{"id":3645,"href":"https:\/\/neoplaza.ee\/ru\/wp-json\/wp\/v2\/pages\/3629\/revisions\/3645"}],"wp:attachment":[{"href":"https:\/\/neoplaza.ee\/ru\/wp-json\/wp\/v2\/media?parent=3629"}],"curies":[{"name":"wp","href":"https:\/\/api.w.org\/{rel}","templated":true}]}}