{"id":38,"date":"2021-02-25T12:58:49","date_gmt":"2021-02-25T12:58:49","guid":{"rendered":"https:\/\/neoplaza.ee\/?page_id=38"},"modified":"2024-12-12T16:03:18","modified_gmt":"2024-12-12T14:03:18","slug":"kontakt","status":"publish","type":"page","link":"https:\/\/neoplaza.ee\/ru\/kontakt\/","title":{"rendered":"\u041a\u043e\u043d\u0442\u0430\u043a\u0442"},"content":{"rendered":"<div data-elementor-type=\"wp-page\" data-elementor-id=\"38\" class=\"elementor elementor-38\">\n\t\t\t\t\t\t<section class=\"elementor-section elementor-top-section elementor-element elementor-element-542d969f elementor-section-boxed elementor-section-height-default elementor-section-height-default\" data-id=\"542d969f\" data-element_type=\"section\" data-settings=\"{&quot;background_background&quot;:&quot;classic&quot;}\">\n\t\t\t\t\t\t<div class=\"elementor-container elementor-column-gap-default\">\n\t\t\t\t\t<div class=\"elementor-column elementor-col-100 elementor-top-column elementor-element elementor-element-49167f09\" data-id=\"49167f09\" data-element_type=\"column\">\n\t\t\t<div class=\"elementor-widget-wrap elementor-element-populated\">\n\t\t\t\t\t\t<section class=\"elementor-section elementor-inner-section elementor-element elementor-element-a5a2faf elementor-section-content-bottom elementor-section-boxed elementor-section-height-default elementor-section-height-default\" data-id=\"a5a2faf\" data-element_type=\"section\">\n\t\t\t\t\t\t<div class=\"elementor-container elementor-column-gap-default\">\n\t\t\t\t\t<div class=\"elementor-column elementor-col-50 elementor-inner-column elementor-element elementor-element-3ae6e9a8\" data-id=\"3ae6e9a8\" data-element_type=\"column\">\n\t\t\t<div class=\"elementor-widget-wrap elementor-element-populated\">\n\t\t\t\t\t\t<div class=\"elementor-element elementor-element-6bb8b27e animated-slow elementor-invisible elementor-widget elementor-widget-heading\" data-id=\"6bb8b27e\" data-element_type=\"widget\" data-settings=\"{&quot;_animation&quot;:&quot;fadeInLeft&quot;}\" data-widget_type=\"heading.default\">\n\t\t\t\t<div class=\"elementor-widget-container\">\n\t\t\t\t\t<h2 class=\"elementor-heading-title elementor-size-default\">\u041a\u043e\u043d\u0442\u0430\u043a\u0442<\/h2>\t\t\t\t<\/div>\n\t\t\t\t<\/div>\n\t\t\t\t<div class=\"elementor-element elementor-element-22dc17f3 animated-slow eael-infobox-shape-square eael-infobox-hover-img-shape-square elementor-invisible elementor-widget elementor-widget-eael-info-box\" data-id=\"22dc17f3\" data-element_type=\"widget\" data-settings=\"{&quot;_animation&quot;:&quot;fadeInLeft&quot;}\" data-widget_type=\"eael-info-box.default\">\n\t\t\t\t<div class=\"elementor-widget-container\">\n\t\t\t\t\t        <div class=\"eael-infobox icon-on-left\">\n\t            <div class=\"infobox-icon\">\n\n                            <img decoding=\"async\" src=\"https:\/\/neoplaza.ee\/wp-content\/uploads\/2021\/04\/30faa8d7-mail.png\" alt=\"\">\n            \n            \n            \n        <\/div>\n            <div class=\"infobox-content\">\n                    <div class=\"infobox-title-section\">\n                <h2 class=\"title\">\u042d-\u043f\u043e\u0447\u0442\u0430<\/h2>            <\/div>\n            <div><p>info@neoplaza.ee<\/p><\/div>        <\/div>\n            <\/div>\n\n\t\t\t\t\t\t<\/div>\n\t\t\t\t<\/div>\n\t\t\t\t<div class=\"elementor-element elementor-element-432d9f8f animated-slow eael-infobox-shape-square eael-infobox-hover-img-shape-square elementor-invisible elementor-widget elementor-widget-eael-info-box\" data-id=\"432d9f8f\" data-element_type=\"widget\" data-settings=\"{&quot;_animation&quot;:&quot;fadeInLeft&quot;}\" data-widget_type=\"eael-info-box.default\">\n\t\t\t\t<div class=\"elementor-widget-container\">\n\t\t\t\t\t        <div class=\"eael-infobox icon-on-left\">\n\t            <div class=\"infobox-icon\">\n\n                            <img decoding=\"async\" src=\"https:\/\/neoplaza.ee\/wp-content\/uploads\/elementor\/thumbs\/a46c75be-call-p68mrw6f77hn305x1t5tt7eg5mi68dkj8squ5pj3e0.png\" alt=\"\">\n            \n            \n            \n        <\/div>\n            <div class=\"infobox-content\">\n                    <div class=\"infobox-title-section\">\n                <h2 class=\"title\">\u0422\u0435\u043b\u0435\u0444\u043e\u043d, Viber, WhatsApp, Telegram<\/h2>            <\/div>\n            <div><p><span style=\"color: #3366ff;\">+372 5480 0907<\/span><\/p><\/div>        <\/div>\n            <\/div>\n\n\t\t\t\t\t\t<\/div>\n\t\t\t\t<\/div>\n\t\t\t\t<div class=\"elementor-element elementor-element-39bbec3 animated-slow eael-infobox-shape-square eael-infobox-hover-img-shape-square elementor-invisible elementor-widget elementor-widget-eael-info-box\" data-id=\"39bbec3\" data-element_type=\"widget\" data-settings=\"{&quot;_animation&quot;:&quot;fadeInLeft&quot;}\" data-widget_type=\"eael-info-box.default\">\n\t\t\t\t<div class=\"elementor-widget-container\">\n\t\t\t\t\t        <div class=\"eael-infobox icon-on-left\">\n\t            <div class=\"infobox-icon\">\n\n                            <img decoding=\"async\" src=\"https:\/\/neoplaza.ee\/wp-content\/uploads\/elementor\/thumbs\/fd1919a4-location-e1662451549161-pucstw3l8zje96tqocvnqj5phx3fol6tsfmdg4cdt4.png\" alt=\"\">\n            \n            \n            \n        <\/div>\n            <div class=\"infobox-content\">\n                    <div class=\"infobox-title-section\">\n                <h2 class=\"title\">\u0410\u0434\u0440\u0435\u0441<\/h2>            <\/div>\n            <div><p>P\u00e4rnu mnt 67a, \u043a\u043e\u0440\u043f\u0443\u0441 A<\/p><\/div>        <\/div>\n            <\/div>\n\n\t\t\t\t\t\t<\/div>\n\t\t\t\t<\/div>\n\t\t\t\t\t<\/div>\n\t\t<\/div>\n\t\t\t\t<div class=\"elementor-column elementor-col-50 elementor-inner-column elementor-element elementor-element-47180cb9\" data-id=\"47180cb9\" data-element_type=\"column\">\n\t\t\t<div class=\"elementor-widget-wrap elementor-element-populated\">\n\t\t\t\t\t\t<div class=\"elementor-element elementor-element-6c5e47b elementor-widget elementor-widget-google_maps\" data-id=\"6c5e47b\" data-element_type=\"widget\" data-widget_type=\"google_maps.default\">\n\t\t\t\t<div class=\"elementor-widget-container\">\n\t\t\t\t\t\t\t<div class=\"elementor-custom-embed\">\n\t\t\t<iframe loading=\"lazy\"\n\t\t\t\t\tsrc=\"https:\/\/maps.google.com\/maps?q=Ajakirjandusmaja%2C%20P%C3%A4rnu%20mnt%2067a%2C%20Tallinn&#038;t=m&#038;z=13&#038;output=embed&#038;iwloc=near\"\n\t\t\t\t\ttitle=\"Ajakirjandusmaja, P\u00e4rnu mnt 67a, Tallinn\"\n\t\t\t\t\taria-label=\"Ajakirjandusmaja, P\u00e4rnu mnt 67a, Tallinn\"\n\t\t\t><\/iframe>\n\t\t<\/div>\n\t\t\t\t\t\t<\/div>\n\t\t\t\t<\/div>\n\t\t\t\t\t<\/div>\n\t\t<\/div>\n\t\t\t\t\t<\/div>\n\t\t<\/section>\n\t\t\t\t\t<\/div>\n\t\t<\/div>\n\t\t\t\t\t<\/div>\n\t\t<\/section>\n\t\t\t\t<section class=\"elementor-section elementor-top-section elementor-element elementor-element-ec8feac elementor-section-boxed elementor-section-height-default elementor-section-height-default\" data-id=\"ec8feac\" data-element_type=\"section\">\n\t\t\t\t\t\t<div class=\"elementor-container elementor-column-gap-default\">\n\t\t\t\t\t<div class=\"elementor-column elementor-col-50 elementor-top-column elementor-element elementor-element-d2bea6d\" data-id=\"d2bea6d\" data-element_type=\"column\">\n\t\t\t<div class=\"elementor-widget-wrap elementor-element-populated\">\n\t\t\t\t\t\t<div class=\"elementor-element elementor-element-0822a98 elementor-widget__width-initial elementor-widget elementor-widget-text-editor\" data-id=\"0822a98\" data-element_type=\"widget\" data-widget_type=\"text-editor.default\">\n\t\t\t\t<div class=\"elementor-widget-container\">\n\t\t\t\t\t\t\t\t\t<h4>\u041e\u0411\u0429\u0415\u0421\u0422\u0412\u0415\u041d\u041d\u042b\u0419 \u0422\u0420\u0410\u041d\u0421\u041f\u041e\u0420\u0422<\/h4><p>\u041e\u0441\u0442\u0430\u043d\u043e\u0432\u043a\u0430: Vineeri<\/p><p>\u0410\u0432\u0442\u043e\u0431\u0443\u0441: 5, 14, 18, 18A, 20, 20A, 32, 36, 96<\/p><p>\u0422\u0440\u0430\u043c\u0432\u0430\u0439: 3, 4, 5<\/p><h4>\u041f\u0410\u0420\u041a\u041e\u0412\u041a\u0410<\/h4><p>\u041f\u0430\u0440\u043a\u043e\u0432\u043a\u0430 \u043d\u0430\u0445\u043e\u0434\u0438\u0442\u0441\u044f \u043f\u0440\u044f\u043c\u043e \u043f\u0435\u0440\u0435\u0434 \u0433\u043b\u0430\u0432\u043d\u044b\u043c \u0432\u0445\u043e\u0434\u043e\u043c. <span style=\"color: #ff0000;\"><strong>NB!<\/strong><\/span> \u041f\u0410\u0420\u041a\u041e\u0412\u0410\u0422\u042c\u0421\u042f \u0420\u0410\u0417\u0420\u0415\u0429\u0415\u041d\u041e \u0422\u041e\u041b\u042c\u041a\u041e \u041d\u0410 \u041f\u0410\u0420\u041a\u041e\u0412\u041e\u0427\u041d\u041e\u041c \u041c\u0415\u0421\u0422\u0415 \u041d\u041e\u041c\u0415\u0420 30.<\/p><p>\u0414\u043b\u044f \u0434\u043e\u0441\u0442\u0443\u043f\u0430 \u043d\u0430 \u043f\u0430\u0440\u043a\u043e\u0432\u043a\u0443 \u043f\u043e\u0437\u0432\u043e\u043d\u0438\u0442\u0435 \u043f\u043e \u043d\u043e\u043c\u0435\u0440\u0443 <span style=\"color: #3366ff;\">+372 5367 4020<\/span> \u0438 \u0434\u043e\u0436\u0434\u0438\u0442\u0435\u0441\u044c, \u043f\u043e\u043a\u0430 \u0432\u0430\u0448 \u0441\u043f\u0435\u0446\u0438\u0430\u043b\u0438\u0441\u0442 \u043e\u0442\u043a\u0440\u043e\u0435\u0442 \u0448\u043b\u0430\u0433\u0431\u0430\u0443\u043c. \u0420\u0435\u043a\u043e\u043c\u0435\u043d\u0434\u0443\u0435\u043c \u043f\u0440\u0438\u0435\u0437\u0436\u0430\u0442\u044c \u0437\u0430 5 \u043c\u0438\u043d\u0443\u0442 \u0434\u043e \u043d\u0430\u0437\u043d\u0430\u0447\u0435\u043d\u043d\u043e\u0433\u043e \u0432\u0440\u0435\u043c\u0435\u043d\u0438, \u0442\u0430\u043a \u043a\u0430\u043a \u0432 \u0441\u043b\u0443\u0447\u0430\u0435 \u0440\u0430\u043d\u043d\u0435\u0433\u043e \u043f\u0440\u0438\u0431\u044b\u0442\u0438\u044f \u0441\u043f\u0435\u0446\u0438\u0430\u043b\u0438\u0441\u0442 \u043c\u043e\u0436\u0435\u0442 \u0431\u044b\u0442\u044c \u0437\u0430\u043d\u044f\u0442 \u0441 \u043f\u0440\u0435\u0434\u044b\u0434\u0443\u0449\u0438\u043c \u043a\u043b\u0438\u0435\u043d\u0442\u043e\u043c \u0438 \u043d\u0435 \u0441\u043c\u043e\u0436\u0435\u0442 \u043e\u0442\u043a\u0440\u044b\u0442\u044c \u0448\u043b\u0430\u0433\u0431\u0430\u0443\u043c, \u0430 \u043f\u0430\u0440\u043a\u043e\u0432\u043e\u0447\u043d\u043e\u0435 \u043c\u0435\u0441\u0442\u043e \u043c\u043e\u0436\u0435\u0442 \u0431\u044b\u0442\u044c \u0435\u0449\u0451 \u0437\u0430\u043d\u044f\u0442\u043e.<\/p><h4>\u041a\u0423\u0414\u0410 \u0414\u0410\u041b\u042c\u0428\u0415?<\/h4><p>5-\u0439 \u044d\u0442\u0430\u0436, \u043d\u043e\u043c\u0435\u0440 \u043a\u0430\u0431\u0438\u043d\u0435\u0442\u0430 5A5-1.<\/p><p>\u0415\u0441\u043b\u0438 \u0434\u0432\u0435\u0440\u0438 \u0434\u043e\u043c\u0430 \u0437\u0430\u043a\u0440\u044b\u0442\u044b, \u043f\u0440\u043e\u0441\u0438\u043c \u043f\u043e\u0437\u0432\u043e\u043d\u0438\u0442\u044c \u043f\u043e \u0442\u0435\u043b\u0435\u0444\u043e\u043d\u0443 <span style=\"color: #3366ff;\">+372 <\/span><span style=\"color: #3366ff;\">5480 0907<\/span><\/p>\t\t\t\t\t\t\t\t<\/div>\n\t\t\t\t<\/div>\n\t\t\t\t\t<\/div>\n\t\t<\/div>\n\t\t\t\t<div class=\"elementor-column elementor-col-50 elementor-top-column elementor-element elementor-element-1d3af24\" data-id=\"1d3af24\" data-element_type=\"column\">\n\t\t\t<div class=\"elementor-widget-wrap elementor-element-populated\">\n\t\t\t\t\t\t<div class=\"elementor-element elementor-element-37e4600 elementor-widget elementor-widget-image\" data-id=\"37e4600\" data-element_type=\"widget\" data-widget_type=\"image.default\">\n\t\t\t\t<div class=\"elementor-widget-container\">\n\t\t\t\t\t\t\t\t\t\t\t\t\t\t\t<img fetchpriority=\"high\" decoding=\"async\" width=\"768\" height=\"1024\" src=\"https:\/\/neoplaza.ee\/wp-content\/uploads\/2022\/09\/20220906_101921_0000-768x1024.png\" class=\"attachment-large size-large wp-image-2030\" alt=\"\" srcset=\"https:\/\/neoplaza.ee\/wp-content\/uploads\/2022\/09\/20220906_101921_0000-768x1025.png 768w, https:\/\/neoplaza.ee\/wp-content\/uploads\/2022\/09\/20220906_101921_0000-225x300.png 225w, https:\/\/neoplaza.ee\/wp-content\/uploads\/2022\/09\/20220906_101921_0000-1151x1536.png 1151w, https:\/\/neoplaza.ee\/wp-content\/uploads\/2022\/09\/20220906_101921_0000-9x12.png 9w, https:\/\/neoplaza.ee\/wp-content\/uploads\/2022\/09\/20220906_101921_0000-600x801.png 600w, https:\/\/neoplaza.ee\/wp-content\/uploads\/2022\/09\/20220906_101921_0000.png 1535w\" sizes=\"(max-width: 768px) 100vw, 768px\" \/>\t\t\t\t\t\t\t\t\t\t\t\t\t\t\t<\/div>\n\t\t\t\t<\/div>\n\t\t\t\t\t<\/div>\n\t\t<\/div>\n\t\t\t\t\t<\/div>\n\t\t<\/section>\n\t\t\t\t<section class=\"elementor-section elementor-top-section elementor-element elementor-element-8c607f2 elementor-section-boxed elementor-section-height-default elementor-section-height-default\" data-id=\"8c607f2\" data-element_type=\"section\">\n\t\t\t\t\t\t<div class=\"elementor-container elementor-column-gap-default\">\n\t\t\t\t\t<div class=\"elementor-column elementor-col-100 elementor-top-column elementor-element elementor-element-1b15cb2\" data-id=\"1b15cb2\" data-element_type=\"column\">\n\t\t\t<div class=\"elementor-widget-wrap elementor-element-populated\">\n\t\t\t\t\t\t<div class=\"elementor-element elementor-element-6ea4772 elementor-widget elementor-widget-spacer\" data-id=\"6ea4772\" data-element_type=\"widget\" data-widget_type=\"spacer.default\">\n\t\t\t\t<div class=\"elementor-widget-container\">\n\t\t\t\t\t\t\t<div class=\"elementor-spacer\">\n\t\t\t<div class=\"elementor-spacer-inner\"><\/div>\n\t\t<\/div>\n\t\t\t\t\t\t<\/div>\n\t\t\t\t<\/div>\n\t\t\t\t\t<\/div>\n\t\t<\/div>\n\t\t\t\t\t<\/div>\n\t\t<\/section>\n\t\t\t\t<\/div>","protected":false},"excerpt":{"rendered":"<p>Kontakt E-post info@neoplaza.ee Telefon, Viber, WhatsApp, Telegram +372 5480 0907 Aadress P\u00e4rnu mnt 67a, A-korpus \u00dcHISTRANSPORT Peatus: Vineeri Buss: 5, 14, 18, 18A, 20, 20A,&hellip;<\/p>","protected":false},"author":43,"featured_media":0,"parent":0,"menu_order":0,"comment_status":"closed","ping_status":"closed","template":"","meta":{"footnotes":""},"class_list":["post-38","page","type-page","status-publish","hentry"],"yoast_head":"<!-- This site is optimized with the Yoast SEO Premium plugin v21.4 (Yoast SEO v24.9) - https:\/\/yoast.com\/wordpress\/plugins\/seo\/ -->\n<title>NeoPlaza asukoht, juhend tasuta parkimiseks ja kontaktandmed<\/title>\n<meta name=\"description\" content=\"K\u00fcsimuste korral v\u00f5ta meiega julgelt \u00fchendust!\" \/>\n<meta name=\"robots\" content=\"index, follow, max-snippet:-1, max-image-preview:large, max-video-preview:-1\" \/>\n<link rel=\"canonical\" href=\"https:\/\/neoplaza.ee\/ru\/kontakt\/\" \/>\n<meta property=\"og:locale\" content=\"ru_RU\" \/>\n<meta property=\"og:type\" content=\"article\" \/>\n<meta property=\"og:title\" content=\"Kontakt\" \/>\n<meta property=\"og:description\" content=\"K\u00fcsimuste korral v\u00f5ta meiega julgelt \u00fchendust!\" \/>\n<meta property=\"og:url\" content=\"https:\/\/neoplaza.ee\/ru\/kontakt\/\" \/>\n<meta property=\"og:site_name\" content=\"NeoPlaza\" \/>\n<meta property=\"article:modified_time\" content=\"2024-12-12T14:03:18+00:00\" \/>\n<meta property=\"og:image\" content=\"https:\/\/neoplaza.ee\/wp-content\/uploads\/2021\/04\/30faa8d7-mail.png\" \/>\n<meta name=\"twitter:card\" content=\"summary_large_image\" \/>\n<meta name=\"twitter:label1\" content=\"\u041f\u0440\u0438\u043c\u0435\u0440\u043d\u043e\u0435 \u0432\u0440\u0435\u043c\u044f \u0434\u043b\u044f \u0447\u0442\u0435\u043d\u0438\u044f\" \/>\n\t<meta name=\"twitter:data1\" content=\"2 \u043c\u0438\u043d\u0443\u0442\u044b\" \/>\n<script type=\"application\/ld+json\" class=\"yoast-schema-graph\">{\"@context\":\"https:\/\/schema.org\",\"@graph\":[{\"@type\":\"WebPage\",\"@id\":\"https:\/\/neoplaza.ee\/kontakt\/\",\"url\":\"https:\/\/neoplaza.ee\/kontakt\/\",\"name\":\"NeoPlaza asukoht, juhend tasuta parkimiseks ja kontaktandmed\",\"isPartOf\":{\"@id\":\"https:\/\/neoplaza.ee\/#website\"},\"primaryImageOfPage\":{\"@id\":\"https:\/\/neoplaza.ee\/kontakt\/#primaryimage\"},\"image\":{\"@id\":\"https:\/\/neoplaza.ee\/kontakt\/#primaryimage\"},\"thumbnailUrl\":\"https:\/\/neoplaza.ee\/wp-content\/uploads\/2021\/04\/30faa8d7-mail.png\",\"datePublished\":\"2021-02-25T12:58:49+00:00\",\"dateModified\":\"2024-12-12T14:03:18+00:00\",\"description\":\"K\u00fcsimuste korral v\u00f5ta meiega julgelt \u00fchendust!\",\"breadcrumb\":{\"@id\":\"https:\/\/neoplaza.ee\/kontakt\/#breadcrumb\"},\"inLanguage\":\"ru-RU\",\"potentialAction\":[{\"@type\":\"ReadAction\",\"target\":[\"https:\/\/neoplaza.ee\/kontakt\/\"]}]},{\"@type\":\"ImageObject\",\"inLanguage\":\"ru-RU\",\"@id\":\"https:\/\/neoplaza.ee\/kontakt\/#primaryimage\",\"url\":\"https:\/\/neoplaza.ee\/wp-content\/uploads\/2021\/04\/30faa8d7-mail.png\",\"contentUrl\":\"https:\/\/neoplaza.ee\/wp-content\/uploads\/2021\/04\/30faa8d7-mail.png\"},{\"@type\":\"BreadcrumbList\",\"@id\":\"https:\/\/neoplaza.ee\/kontakt\/#breadcrumb\",\"itemListElement\":[{\"@type\":\"ListItem\",\"position\":1,\"name\":\"Home\",\"item\":\"https:\/\/neoplaza.ee\/\"},{\"@type\":\"ListItem\",\"position\":2,\"name\":\"Kontakt\"}]},{\"@type\":\"WebSite\",\"@id\":\"https:\/\/neoplaza.ee\/#website\",\"url\":\"https:\/\/neoplaza.ee\/\",\"name\":\"NeoPlaza\",\"description\":\"NeoPlaza | elektriepilatsiooni keskus\",\"publisher\":{\"@id\":\"https:\/\/neoplaza.ee\/#organization\"},\"inLanguage\":\"ru-RU\"},{\"@type\":\"Organization\",\"@id\":\"https:\/\/neoplaza.ee\/#organization\",\"name\":\"NeoPlaza\",\"url\":\"https:\/\/neoplaza.ee\/\",\"logo\":{\"@type\":\"ImageObject\",\"inLanguage\":\"ru-RU\",\"@id\":\"https:\/\/neoplaza.ee\/#\/schema\/logo\/image\/\",\"url\":\"https:\/\/neoplaza.ee\/wp-content\/uploads\/2023\/06\/cropped-20230626_143254_0000.png\",\"contentUrl\":\"https:\/\/neoplaza.ee\/wp-content\/uploads\/2023\/06\/cropped-20230626_143254_0000.png\",\"width\":500,\"height\":206,\"caption\":\"NeoPlaza\"},\"image\":{\"@id\":\"https:\/\/neoplaza.ee\/#\/schema\/logo\/image\/\"}}]}<\/script>\n<!-- \/ Yoast SEO Premium plugin. -->","yoast_head_json":{"title":"NeoPlaza asukoht, juhend tasuta parkimiseks ja kontaktandmed","description":"K\u00fcsimuste korral v\u00f5ta meiega julgelt \u00fchendust!","robots":{"index":"index","follow":"follow","max-snippet":"max-snippet:-1","max-image-preview":"max-image-preview:large","max-video-preview":"max-video-preview:-1"},"canonical":"https:\/\/neoplaza.ee\/ru\/kontakt\/","og_locale":"ru_RU","og_type":"article","og_title":"Kontakt","og_description":"K\u00fcsimuste korral v\u00f5ta meiega julgelt \u00fchendust!","og_url":"https:\/\/neoplaza.ee\/ru\/kontakt\/","og_site_name":"NeoPlaza","article_modified_time":"2024-12-12T14:03:18+00:00","og_image":[{"url":"https:\/\/neoplaza.ee\/wp-content\/uploads\/2021\/04\/30faa8d7-mail.png","type":"","width":"","height":""}],"twitter_card":"summary_large_image","twitter_misc":{"\u041f\u0440\u0438\u043c\u0435\u0440\u043d\u043e\u0435 \u0432\u0440\u0435\u043c\u044f \u0434\u043b\u044f \u0447\u0442\u0435\u043d\u0438\u044f":"2 \u043c\u0438\u043d\u0443\u0442\u044b"},"schema":{"@context":"https:\/\/schema.org","@graph":[{"@type":"WebPage","@id":"https:\/\/neoplaza.ee\/kontakt\/","url":"https:\/\/neoplaza.ee\/kontakt\/","name":"NeoPlaza asukoht, juhend tasuta parkimiseks ja kontaktandmed","isPartOf":{"@id":"https:\/\/neoplaza.ee\/#website"},"primaryImageOfPage":{"@id":"https:\/\/neoplaza.ee\/kontakt\/#primaryimage"},"image":{"@id":"https:\/\/neoplaza.ee\/kontakt\/#primaryimage"},"thumbnailUrl":"https:\/\/neoplaza.ee\/wp-content\/uploads\/2021\/04\/30faa8d7-mail.png","datePublished":"2021-02-25T12:58:49+00:00","dateModified":"2024-12-12T14:03:18+00:00","description":"K\u00fcsimuste korral v\u00f5ta meiega julgelt \u00fchendust!","breadcrumb":{"@id":"https:\/\/neoplaza.ee\/kontakt\/#breadcrumb"},"inLanguage":"ru-RU","potentialAction":[{"@type":"ReadAction","target":["https:\/\/neoplaza.ee\/kontakt\/"]}]},{"@type":"ImageObject","inLanguage":"ru-RU","@id":"https:\/\/neoplaza.ee\/kontakt\/#primaryimage","url":"https:\/\/neoplaza.ee\/wp-content\/uploads\/2021\/04\/30faa8d7-mail.png","contentUrl":"https:\/\/neoplaza.ee\/wp-content\/uploads\/2021\/04\/30faa8d7-mail.png"},{"@type":"BreadcrumbList","@id":"https:\/\/neoplaza.ee\/kontakt\/#breadcrumb","itemListElement":[{"@type":"ListItem","position":1,"name":"Home","item":"https:\/\/neoplaza.ee\/"},{"@type":"ListItem","position":2,"name":"Kontakt"}]},{"@type":"WebSite","@id":"https:\/\/neoplaza.ee\/#website","url":"https:\/\/neoplaza.ee\/","name":"NeoPlaza","description":"NeoPlaza | elektriepilatsiooni keskus","publisher":{"@id":"https:\/\/neoplaza.ee\/#organization"},"inLanguage":"ru-RU"},{"@type":"Organization","@id":"https:\/\/neoplaza.ee\/#organization","name":"NeoPlaza","url":"https:\/\/neoplaza.ee\/","logo":{"@type":"ImageObject","inLanguage":"ru-RU","@id":"https:\/\/neoplaza.ee\/#\/schema\/logo\/image\/","url":"https:\/\/neoplaza.ee\/wp-content\/uploads\/2023\/06\/cropped-20230626_143254_0000.png","contentUrl":"https:\/\/neoplaza.ee\/wp-content\/uploads\/2023\/06\/cropped-20230626_143254_0000.png","width":500,"height":206,"caption":"NeoPlaza"},"image":{"@id":"https:\/\/neoplaza.ee\/#\/schema\/logo\/image\/"}}]}},"jetpack_sharing_enabled":true,"_links":{"self":[{"href":"https:\/\/neoplaza.ee\/ru\/wp-json\/wp\/v2\/pages\/38","targetHints":{"allow":["GET"]}}],"collection":[{"href":"https:\/\/neoplaza.ee\/ru\/wp-json\/wp\/v2\/pages"}],"about":[{"href":"https:\/\/neoplaza.ee\/ru\/wp-json\/wp\/v2\/types\/page"}],"author":[{"embeddable":true,"href":"https:\/\/neoplaza.ee\/ru\/wp-json\/wp\/v2\/users\/43"}],"replies":[{"embeddable":true,"href":"https:\/\/neoplaza.ee\/ru\/wp-json\/wp\/v2\/comments?post=38"}],"version-history":[{"count":80,"href":"https:\/\/neoplaza.ee\/ru\/wp-json\/wp\/v2\/pages\/38\/revisions"}],"predecessor-version":[{"id":3677,"href":"https:\/\/neoplaza.ee\/ru\/wp-json\/wp\/v2\/pages\/38\/revisions\/3677"}],"wp:attachment":[{"href":"https:\/\/neoplaza.ee\/ru\/wp-json\/wp\/v2\/media?parent=38"}],"curies":[{"name":"wp","href":"https:\/\/api.w.org\/{rel}","templated":true}]}}